{"id":9946,"date":"2026-05-11T17:35:37","date_gmt":"2026-05-11T15:35:37","guid":{"rendered":"https:\/\/www.lesaubergisteslyonnais.fr\/mapa-del-sitio\/"},"modified":"2026-05-11T17:35:59","modified_gmt":"2026-05-11T15:35:59","slug":"mapa-del-sitio","status":"publish","type":"page","link":"https:\/\/www.lesaubergisteslyonnais.fr\/es\/mapa-del-sitio\/","title":{"rendered":"Mapa del sitio"},"content":{"rendered":"\n<section class=\"heading wp-elements-c6045d8d4132d28231a9db1fa81198e7 wp-elements-c6045d8d4132d28231a9db1fa81198e7 wp-block-acf-heading has-text-color has-primary-color has-background has-white-100-background-color\">\n\t<div class=\"heading__container\">\n\t\t\t\t\t<div class=\"heading__background-picture\">\n\t\t\t\t<img decoding=\"async\" width=\"1920\" height=\"1280\" src=\"https:\/\/www.lesaubergisteslyonnais.fr\/wp-content\/uploads\/2025\/03\/meilleur-hotel-de-lyon-centre.jpg\" class=\"attachment-full size-full\" alt=\"meilleur hotel de lyon centre\" fetchpriority=\"high\" srcset=\"https:\/\/www.lesaubergisteslyonnais.fr\/wp-content\/uploads\/2025\/03\/meilleur-hotel-de-lyon-centre.jpg 1920w, https:\/\/www.lesaubergisteslyonnais.fr\/wp-content\/uploads\/2025\/03\/meilleur-hotel-de-lyon-centre-300x200.jpg 300w, https:\/\/www.lesaubergisteslyonnais.fr\/wp-content\/uploads\/2025\/03\/meilleur-hotel-de-lyon-centre-1024x683.jpg 1024w, https:\/\/www.lesaubergisteslyonnais.fr\/wp-content\/uploads\/2025\/03\/meilleur-hotel-de-lyon-centre-768x512.jpg 768w, https:\/\/www.lesaubergisteslyonnais.fr\/wp-content\/uploads\/2025\/03\/meilleur-hotel-de-lyon-centre-1536x1024.jpg 1536w\" sizes=\"(max-width: 1920px) 100vw, 1920px\" \/>\t\t\t<\/div>\n\t\t\t\t<div class=\"heading__layout\">\n\t\t\t<div class=\"heading__content-wrapper has-white-100-background-color\">\n\t\t\t\t<div class=\"heading__content has-white-100-background-color\">\n\t\t\t\t\t\t\t\t\t<p id=\"breadcrumbs\"><span><span><a href=\"https:\/\/www.lesaubergisteslyonnais.fr\/es\/\">Accueil<\/a><\/span><\/span><\/p>\t\t\t\t\t\t\t\t\t<div class=\"acf-innerblocks-container\">\n\n<div class=\"wp-block-group heading-content-group is-layout-grid wp-container-core-group-is-layout-96b258e4 wp-block-group-is-layout-grid\">\n<h1 class=\"wp-block-heading has-text-align-left heading__title has-primary-color has-text-color has-xx-large-font-size wp-container-content-32a3e683\">Mapa del sitio<\/h1>\n<\/div>\n\n<\/div>\n\t\t\t\t<\/div>\n\t\t\t\t\t\t\t\t<div class=\"heading__illustration illustration-with-parallax desktop-only\">\n\t\t\t\t\t<img decoding=\"async\" width=\"350\" height=\"350\" src=\"https:\/\/www.lesaubergisteslyonnais.fr\/wp-content\/uploads\/2025\/04\/HORLOGE.png\" class=\"attachment-full size-full\" alt=\"HORLOGE\" fetchpriority=\"high\" srcset=\"https:\/\/www.lesaubergisteslyonnais.fr\/wp-content\/uploads\/2025\/04\/HORLOGE.png 350w, https:\/\/www.lesaubergisteslyonnais.fr\/wp-content\/uploads\/2025\/04\/HORLOGE-300x300.png 300w\" sizes=\"(max-width: 350px) 100vw, 350px\" \/>\t\t\t\t<\/div>\n\t\t\t\t\t\t\t<\/div>\n\t\t<\/div>\n\t<\/div>\n<\/section>\n\n\n\t<section\n\t\tstyle=\"padding-top:var(--wp--preset--spacing--theme-default);padding-bottom:var(--wp--preset--spacing--theme-default);\" class=\"block-container align wp-block-acf-block-container has-background has-white-background-color has-global-padding is-layout-constrained wp-block-acf-block-container-is-layout-constrained\"\t>\n\n\t\n\n<div class=\"wp-block-group is-layout-flow wp-block-group-is-layout-flow\"><div class=\"wsp-container\"><h2 class=\"wsp-pages-title\">P\u00e1ginas<\/h2>\n<ul class=\"wsp-pages-list\">\n<li class=\"page_item page-item-6847\"><a href=\"https:\/\/www.lesaubergisteslyonnais.fr\/es\/condiciones-generales-de-alquiler\/\">Condiciones de venta<\/a><\/li>\n<li class=\"page_item page-item-6872\"><a href=\"https:\/\/www.lesaubergisteslyonnais.fr\/es\/contacto\/\">Contacto<\/a><\/li>\n<li class=\"page_item page-item-6837\"><a href=\"https:\/\/www.lesaubergisteslyonnais.fr\/es\/contratacion\/\">Contrataci\u00f3n<\/a><\/li>\n<li class=\"page_item page-item-7379\"><a href=\"https:\/\/www.lesaubergisteslyonnais.fr\/es\/globe-cecil-reserva\/\">Globe &amp; Cecil reserva<\/a><\/li>\n<li class=\"page_item page-item-6843\"><a href=\"https:\/\/www.lesaubergisteslyonnais.fr\/es\/informacion-juridica\/\">Informaci\u00f3n jur\u00eddica<\/a><\/li>\n<li class=\"page_item page-item-6845\"><a href=\"https:\/\/www.lesaubergisteslyonnais.fr\/es\/\">Inicio<\/a><\/li>\n<li class=\"page_item page-item-9946\"><a href=\"https:\/\/www.lesaubergisteslyonnais.fr\/es\/mapa-del-sitio\/\">Mapa del sitio<\/a><\/li>\n<li class=\"page_item page-item-6830\"><a href=\"https:\/\/www.lesaubergisteslyonnais.fr\/es\/hoteles-centro-lyon\/\">Nuestros hoteles<\/a><\/li>\n<li class=\"page_item page-item-6836\"><a href=\"https:\/\/www.lesaubergisteslyonnais.fr\/es\/restaurantes-centro-lyon\/\">Nuestros restaurantes<\/a><\/li>\n<li class=\"page_item page-item-6827\"><a href=\"https:\/\/www.lesaubergisteslyonnais.fr\/es\/organizacion-alquiler-eventos-lyon\/\">Organizaci\u00f3n de eventos<\/a><\/li>\n<li class=\"page_item page-item-8625\"><a href=\"https:\/\/www.lesaubergisteslyonnais.fr\/es\/politica-de-privacidad\/\">Pol\u00edtica de privacidad<\/a><\/li>\n<li class=\"page_item page-item-6849\"><a href=\"https:\/\/www.lesaubergisteslyonnais.fr\/es\/preguntas-frecuentes\/\">Preguntas frecuentes<\/a><\/li>\n<li class=\"page_item page-item-7366\"><a href=\"https:\/\/www.lesaubergisteslyonnais.fr\/es\/reserva-comptoir-phenix\/\">Reserva Comptoir Ph\u00e9nix<\/a><\/li>\n<li class=\"page_item page-item-7370\"><a href=\"https:\/\/www.lesaubergisteslyonnais.fr\/es\/reserva-de-simplon\/\">Reserva de Simplon<\/a><\/li>\n<li class=\"page_item page-item-7382\"><a href=\"https:\/\/www.lesaubergisteslyonnais.fr\/es\/reserva-phenix\/\">Reserva Ph\u00e9nix<\/a><\/li>\n<li class=\"page_item page-item-7357\"><a href=\"https:\/\/www.lesaubergisteslyonnais.fr\/es\/reservas-para-comptoir-globe-cecil\/\">Reservas para Comptoir Globe &amp; Cecil<\/a><\/li>\n<li class=\"page_item page-item-6841 current_page_parent\"><a href=\"https:\/\/www.lesaubergisteslyonnais.fr\/es\/blog\/\">Revista<\/a><\/li>\n<li class=\"page_item page-item-6851 page_item_has_children\"><a href=\"https:\/\/www.lesaubergisteslyonnais.fr\/es\/empresa-con-proposito\/\">Un grupo hotelero comprometido<\/a>\n<ul class='children'>\n\t<li class=\"page_item page-item-6826\"><a href=\"https:\/\/www.lesaubergisteslyonnais.fr\/es\/empresa-con-proposito\/historia-marca-grupo-hotelero\/\">Nuestra historia<\/a><\/li>\n\t<li class=\"page_item page-item-6840\"><a href=\"https:\/\/www.lesaubergisteslyonnais.fr\/es\/empresa-con-proposito\/nuestras-noticias\/\">Nuestras noticias<\/a><\/li>\n\t<li class=\"page_item page-item-6831\"><a href=\"https:\/\/www.lesaubergisteslyonnais.fr\/es\/empresa-con-proposito\/equipo\/\">Nuestro equipo<\/a><\/li>\n\t<li class=\"page_item page-item-6853\"><a href=\"https:\/\/www.lesaubergisteslyonnais.fr\/es\/empresa-con-proposito\/compromisos-sostenibles-ecologicos\/\">Nuestros compromisos<\/a><\/li>\n\t<li class=\"page_item page-item-6834\"><a href=\"https:\/\/www.lesaubergisteslyonnais.fr\/es\/empresa-con-proposito\/revista-de-prensa\/\">Revista de prensa<\/a><\/li>\n<\/ul>\n<\/li>\n<\/ul>\n<h2 class=\"wsp-posts-title\">Posts por categor\u00eda<\/h2>\n<ul class=\"wsp-posts-list\">\n\t<li><strong class=\"wsp-category-title\">Category: <a href=\"https:\/\/www.lesaubergisteslyonnais.fr\/es\/blog\/eventos-en-lyon\/\">Eventos en Lyon<\/a><\/strong>\n<ul class=\"wsp-posts-list\">\t\t<li class=\"wsp-post\"><a href=\"https:\/\/www.lesaubergisteslyonnais.fr\/es\/blog\/natexpo-2026-en-lyon-donde-alojarse-para-el-salon-natexpo-los-dias-28-y-29-de-septiembre-de-2026\/\">Natexpo 2026 en Lyon: \u00bfd\u00f3nde alojarse para el sal\u00f3n Natexpo los d\u00edas 28 y 29 de septiembre de 2026?<\/a><\/li>\n\t\t<li class=\"wsp-post\"><a href=\"https:\/\/www.lesaubergisteslyonnais.fr\/es\/blog\/camino-urbano-de-lyon-29-de-marzo-de-2026\/\">Camino Urbano de Lyon 29 de marzo de 2026<\/a><\/li>\n\t\t<li class=\"wsp-post\"><a href=\"https:\/\/www.lesaubergisteslyonnais.fr\/es\/blog\/japan-touch-haru-geek-touch-2026-en-lyon\/\">Japan Touch Haru &amp; Geek Touch 2026 en Lyon<\/a><\/li>\n\t\t<li class=\"wsp-post\"><a href=\"https:\/\/www.lesaubergisteslyonnais.fr\/es\/blog\/eurobois-2026-en-lyon-donde-alojarse-durante-eurobois-del-3-al-6-de-febrero\/\">Eurobois 2026 en Lyon: \u00bfd\u00f3nde alojarse durante Eurobois del 3 al 6 de febrero?<\/a><\/li>\n\t\t<li class=\"wsp-post\"><a href=\"https:\/\/www.lesaubergisteslyonnais.fr\/es\/blog\/ctco-cprint-2026-en-lyon\/\">CTCO &amp; C!Print 2026 en Lyon<\/a><\/li>\n<\/ul><\/li>\n\t<li><strong class=\"wsp-category-title\">Category: <a href=\"https:\/\/www.lesaubergisteslyonnais.fr\/es\/blog\/gastronomia\/\">Gastronom\u00eda<\/a><\/strong>\n<ul class=\"wsp-posts-list\">\t\t<li class=\"wsp-post\"><a href=\"https:\/\/www.lesaubergisteslyonnais.fr\/es\/blog\/los-10-mejores-restaurantes-de-lyon-segun-aubergistes-lyonnais\/\">Los 10 mejores restaurantes de Lyon (seg\u00fan Aubergistes Lyonnais)<\/a><\/li>\n\t\t<li class=\"wsp-post\"><a href=\"https:\/\/www.lesaubergisteslyonnais.fr\/es\/blog\/los-mejores-bouchons-de-lyon\/\">Los mejores bouchons de Lyon<\/a><\/li>\n<\/ul><\/li>\n\t<li><strong class=\"wsp-category-title\">Category: <a href=\"https:\/\/www.lesaubergisteslyonnais.fr\/es\/blog\/noticias-de-la-coleccion\/\">Noticias de la colecci\u00f3n<\/a><\/strong>\n<ul class=\"wsp-posts-list\">\t\t<li class=\"wsp-post\"><a href=\"https:\/\/www.lesaubergisteslyonnais.fr\/es\/blog\/le-gai-soleil-un-nuevo-hotel-de-la-coleccion\/\">Le Gai Soleil, un nuevo hotel de la Colecci\u00f3n<\/a><\/li>\n\t\t<li class=\"wsp-post\"><a href=\"https:\/\/www.lesaubergisteslyonnais.fr\/es\/blog\/una-nueva-direccion-de-coworking-en-lyon\/\">\u00bfUna nueva direcci\u00f3n de coworking en Lyon?<\/a><\/li>\n\t\t<li class=\"wsp-post\"><a href=\"https:\/\/www.lesaubergisteslyonnais.fr\/es\/blog\/pueblo-de-los-bergistas-2025\/\">Pueblo de los Bergistas 2025<\/a><\/li>\n\t\t<li class=\"wsp-post\"><a href=\"https:\/\/www.lesaubergisteslyonnais.fr\/es\/blog\/los-10-mejores-restaurantes-de-lyon\/\">Carrera de la Mujer 2025<\/a><\/li>\n\t\t<li class=\"wsp-post\"><a href=\"https:\/\/www.lesaubergisteslyonnais.fr\/es\/blog\/nuevos-pasillos-en-globe-y-cecil\/\">Nuevos pasillos en Globe y Cecil<\/a><\/li>\n<\/ul><\/li>\n\t<li><strong class=\"wsp-category-title\">Category: <a href=\"https:\/\/www.lesaubergisteslyonnais.fr\/es\/blog\/sin-categoria\/\">Sin categor\u00eda<\/a><\/strong>\n<\/li>\n\t<li><strong class=\"wsp-category-title\">Category: <a href=\"https:\/\/www.lesaubergisteslyonnais.fr\/es\/blog\/vida-nocturna-y-eventos\/\">Vida nocturna y fiestas<\/a><\/strong>\n<ul class=\"wsp-posts-list\">\t\t<li class=\"wsp-post\"><a href=\"https:\/\/www.lesaubergisteslyonnais.fr\/es\/blog\/las-mejores-terrazas-y-azoteas-de-lyon-en-verano\/\">Las mejores terrazas y azoteas de Lyon en verano<\/a><\/li>\n\t\t<li class=\"wsp-post\"><a href=\"https:\/\/www.lesaubergisteslyonnais.fr\/es\/blog\/5-direcciones-de-compras-made-in-lyon\/\">5 direcciones de compras made in Lyon<\/a><\/li>\n<\/ul><\/li>\n\t<li><strong class=\"wsp-category-title\">Category: <a href=\"https:\/\/www.lesaubergisteslyonnais.fr\/es\/blog\/visitas-culturales\/\">Visita cultural<\/a><\/strong>\n<ul class=\"wsp-posts-list\">\t\t<li class=\"wsp-post\"><a href=\"https:\/\/www.lesaubergisteslyonnais.fr\/es\/blog\/los-3-mejores-espacios-de-coworking-de-lyon\/\">Los 3 mejores espacios de coworking de Lyon<\/a><\/li>\n\t\t<li class=\"wsp-post\"><a href=\"https:\/\/www.lesaubergisteslyonnais.fr\/es\/blog\/visita-lyon-en-2-dias-3-dias\/\">Visita Lyon en 2 d\u00edas \/ 3 d\u00edas<\/a><\/li>\n\t\t<li class=\"wsp-post\"><a href=\"https:\/\/www.lesaubergisteslyonnais.fr\/es\/blog\/que-hacer-en-lyon-para-dos\/\">\u00bfQu\u00e9 hacer en Lyon para dos?<\/a><\/li>\n<\/ul><\/li>\n<\/ul>\n<h2 class=\"wsp-careerss-title\">Descripci\u00f3n de puestos<\/h2>\n<ul class=\"wsp-careerss-list\">\n<li><a href=\"https:\/\/www.lesaubergisteslyonnais.fr\/es\/empleo\/jefe-de-sala-h-f\/\">Chef de partie<\/a><\/li>\n<li><a href=\"https:\/\/www.lesaubergisteslyonnais.fr\/es\/empleo\/ayudante-de-cocina-h-m-2\/\">Ayudante de cocina<\/a><\/li>\n<li><a href=\"https:\/\/www.lesaubergisteslyonnais.fr\/es\/empleo\/camarero-a-de-desayunos-h-m\/\">Camarero de desayunos<\/a><\/li>\n<li><a href=\"https:\/\/www.lesaubergisteslyonnais.fr\/es\/empleo\/recepcionista-h-m\/\">Recepcionista<\/a><\/li>\n<li><a href=\"https:\/\/www.lesaubergisteslyonnais.fr\/es\/empleo\/camarero-camarera-h-m\/\">Camarero jefe<\/a><\/li>\n<li><a href=\"https:\/\/www.lesaubergisteslyonnais.fr\/es\/empleo\/camarera-valet-h-m\/\">Valet<\/a><\/li>\n<\/ul>\n<\/div>\n<\/div>\n\n\n\n<\/section>\n","protected":false},"excerpt":{"rendered":"","protected":false},"author":2,"featured_media":0,"parent":0,"menu_order":0,"comment_status":"closed","ping_status":"closed","template":"","meta":{"_acf_changed":false,"inline_featured_image":false,"footnotes":""},"class_list":["post-9946","page","type-page","status-publish","hentry"],"acf":[],"yoast_head":"<!-- This site is optimized with the Yoast SEO plugin v27.5 - https:\/\/yoast.com\/product\/yoast-seo-wordpress\/ -->\n<title>Mapa del sitio - Les Aubergistes Lyonnais<\/title>\n<meta name=\"robots\" content=\"index, follow, max-snippet:-1, max-image-preview:large, max-video-preview:-1\" \/>\n<link rel=\"canonical\" href=\"https:\/\/www.lesaubergisteslyonnais.fr\/es\/mapa-del-sitio\/\" \/>\n<meta property=\"og:locale\" content=\"es_ES\" \/>\n<meta property=\"og:type\" content=\"article\" \/>\n<meta property=\"og:title\" content=\"Mapa del sitio - Les Aubergistes Lyonnais\" \/>\n<meta property=\"og:url\" content=\"https:\/\/www.lesaubergisteslyonnais.fr\/es\/mapa-del-sitio\/\" \/>\n<meta property=\"og:site_name\" content=\"Les Aubergistes Lyonnais\" \/>\n<meta property=\"article:modified_time\" content=\"2026-05-11T15:35:59+00:00\" \/>\n<meta name=\"twitter:card\" content=\"summary_large_image\" \/>\n<script type=\"application\/ld+json\" class=\"yoast-schema-graph\">{\"@context\":\"https:\\\/\\\/schema.org\",\"@graph\":[{\"@type\":\"WebPage\",\"@id\":\"https:\\\/\\\/www.lesaubergisteslyonnais.fr\\\/es\\\/mapa-del-sitio\\\/\",\"url\":\"https:\\\/\\\/www.lesaubergisteslyonnais.fr\\\/es\\\/mapa-del-sitio\\\/\",\"name\":\"Mapa del sitio - Les Aubergistes Lyonnais\",\"isPartOf\":{\"@id\":\"https:\\\/\\\/www.lesaubergisteslyonnais.fr\\\/es\\\/#website\"},\"datePublished\":\"2026-05-11T15:35:37+00:00\",\"dateModified\":\"2026-05-11T15:35:59+00:00\",\"breadcrumb\":{\"@id\":\"https:\\\/\\\/www.lesaubergisteslyonnais.fr\\\/es\\\/mapa-del-sitio\\\/#breadcrumb\"},\"inLanguage\":\"es\",\"potentialAction\":[{\"@type\":\"ReadAction\",\"target\":[\"https:\\\/\\\/www.lesaubergisteslyonnais.fr\\\/es\\\/mapa-del-sitio\\\/\"]}]},{\"@type\":\"BreadcrumbList\",\"@id\":\"https:\\\/\\\/www.lesaubergisteslyonnais.fr\\\/es\\\/mapa-del-sitio\\\/#breadcrumb\",\"itemListElement\":[{\"@type\":\"ListItem\",\"position\":1,\"name\":\"Accueil\",\"item\":\"https:\\\/\\\/www.lesaubergisteslyonnais.fr\\\/es\\\/\"},{\"@type\":\"ListItem\",\"position\":2,\"name\":\"Mapa del sitio\"}]},{\"@type\":\"WebSite\",\"@id\":\"https:\\\/\\\/www.lesaubergisteslyonnais.fr\\\/es\\\/#website\",\"url\":\"https:\\\/\\\/www.lesaubergisteslyonnais.fr\\\/es\\\/\",\"name\":\"Globe Cecil\",\"description\":\"\",\"publisher\":{\"@id\":\"https:\\\/\\\/www.lesaubergisteslyonnais.fr\\\/es\\\/#organization\"},\"potentialAction\":[{\"@type\":\"SearchAction\",\"target\":{\"@type\":\"EntryPoint\",\"urlTemplate\":\"https:\\\/\\\/www.lesaubergisteslyonnais.fr\\\/es\\\/?s={search_term_string}\"},\"query-input\":{\"@type\":\"PropertyValueSpecification\",\"valueRequired\":true,\"valueName\":\"search_term_string\"}}],\"inLanguage\":\"es\"},{\"@type\":\"Organization\",\"@id\":\"https:\\\/\\\/www.lesaubergisteslyonnais.fr\\\/es\\\/#organization\",\"name\":\"Globe Cecil\",\"url\":\"https:\\\/\\\/www.lesaubergisteslyonnais.fr\\\/es\\\/\",\"logo\":{\"@type\":\"ImageObject\",\"inLanguage\":\"es\",\"@id\":\"https:\\\/\\\/www.lesaubergisteslyonnais.fr\\\/es\\\/#\\\/schema\\\/logo\\\/image\\\/\",\"url\":\"https:\\\/\\\/www.lesaubergisteslyonnais.fr\\\/wp-content\\\/uploads\\\/2025\\\/05\\\/LOGO-Aubergistes-Lyonnais-White.svg\",\"contentUrl\":\"https:\\\/\\\/www.lesaubergisteslyonnais.fr\\\/wp-content\\\/uploads\\\/2025\\\/05\\\/LOGO-Aubergistes-Lyonnais-White.svg\",\"width\":558,\"height\":127,\"caption\":\"Globe Cecil\"},\"image\":{\"@id\":\"https:\\\/\\\/www.lesaubergisteslyonnais.fr\\\/es\\\/#\\\/schema\\\/logo\\\/image\\\/\"}}]}<\/script>\n<!-- \/ Yoast SEO plugin. -->","yoast_head_json":{"title":"Mapa del sitio - Les Aubergistes Lyonnais","robots":{"index":"index","follow":"follow","max-snippet":"max-snippet:-1","max-image-preview":"max-image-preview:large","max-video-preview":"max-video-preview:-1"},"canonical":"https:\/\/www.lesaubergisteslyonnais.fr\/es\/mapa-del-sitio\/","og_locale":"es_ES","og_type":"article","og_title":"Mapa del sitio - Les Aubergistes Lyonnais","og_url":"https:\/\/www.lesaubergisteslyonnais.fr\/es\/mapa-del-sitio\/","og_site_name":"Les Aubergistes Lyonnais","article_modified_time":"2026-05-11T15:35:59+00:00","twitter_card":"summary_large_image","schema":{"@context":"https:\/\/schema.org","@graph":[{"@type":"WebPage","@id":"https:\/\/www.lesaubergisteslyonnais.fr\/es\/mapa-del-sitio\/","url":"https:\/\/www.lesaubergisteslyonnais.fr\/es\/mapa-del-sitio\/","name":"Mapa del sitio - Les Aubergistes Lyonnais","isPartOf":{"@id":"https:\/\/www.lesaubergisteslyonnais.fr\/es\/#website"},"datePublished":"2026-05-11T15:35:37+00:00","dateModified":"2026-05-11T15:35:59+00:00","breadcrumb":{"@id":"https:\/\/www.lesaubergisteslyonnais.fr\/es\/mapa-del-sitio\/#breadcrumb"},"inLanguage":"es","potentialAction":[{"@type":"ReadAction","target":["https:\/\/www.lesaubergisteslyonnais.fr\/es\/mapa-del-sitio\/"]}]},{"@type":"BreadcrumbList","@id":"https:\/\/www.lesaubergisteslyonnais.fr\/es\/mapa-del-sitio\/#breadcrumb","itemListElement":[{"@type":"ListItem","position":1,"name":"Accueil","item":"https:\/\/www.lesaubergisteslyonnais.fr\/es\/"},{"@type":"ListItem","position":2,"name":"Mapa del sitio"}]},{"@type":"WebSite","@id":"https:\/\/www.lesaubergisteslyonnais.fr\/es\/#website","url":"https:\/\/www.lesaubergisteslyonnais.fr\/es\/","name":"Globe Cecil","description":"","publisher":{"@id":"https:\/\/www.lesaubergisteslyonnais.fr\/es\/#organization"},"potentialAction":[{"@type":"SearchAction","target":{"@type":"EntryPoint","urlTemplate":"https:\/\/www.lesaubergisteslyonnais.fr\/es\/?s={search_term_string}"},"query-input":{"@type":"PropertyValueSpecification","valueRequired":true,"valueName":"search_term_string"}}],"inLanguage":"es"},{"@type":"Organization","@id":"https:\/\/www.lesaubergisteslyonnais.fr\/es\/#organization","name":"Globe Cecil","url":"https:\/\/www.lesaubergisteslyonnais.fr\/es\/","logo":{"@type":"ImageObject","inLanguage":"es","@id":"https:\/\/www.lesaubergisteslyonnais.fr\/es\/#\/schema\/logo\/image\/","url":"https:\/\/www.lesaubergisteslyonnais.fr\/wp-content\/uploads\/2025\/05\/LOGO-Aubergistes-Lyonnais-White.svg","contentUrl":"https:\/\/www.lesaubergisteslyonnais.fr\/wp-content\/uploads\/2025\/05\/LOGO-Aubergistes-Lyonnais-White.svg","width":558,"height":127,"caption":"Globe Cecil"},"image":{"@id":"https:\/\/www.lesaubergisteslyonnais.fr\/es\/#\/schema\/logo\/image\/"}}]}},"_links":{"self":[{"href":"https:\/\/www.lesaubergisteslyonnais.fr\/es\/wp-json\/wp\/v2\/pages\/9946","targetHints":{"allow":["GET"]}}],"collection":[{"href":"https:\/\/www.lesaubergisteslyonnais.fr\/es\/wp-json\/wp\/v2\/pages"}],"about":[{"href":"https:\/\/www.lesaubergisteslyonnais.fr\/es\/wp-json\/wp\/v2\/types\/page"}],"author":[{"embeddable":true,"href":"https:\/\/www.lesaubergisteslyonnais.fr\/es\/wp-json\/wp\/v2\/users\/2"}],"replies":[{"embeddable":true,"href":"https:\/\/www.lesaubergisteslyonnais.fr\/es\/wp-json\/wp\/v2\/comments?post=9946"}],"version-history":[{"count":1,"href":"https:\/\/www.lesaubergisteslyonnais.fr\/es\/wp-json\/wp\/v2\/pages\/9946\/revisions"}],"predecessor-version":[{"id":9947,"href":"https:\/\/www.lesaubergisteslyonnais.fr\/es\/wp-json\/wp\/v2\/pages\/9946\/revisions\/9947"}],"wp:attachment":[{"href":"https:\/\/www.lesaubergisteslyonnais.fr\/es\/wp-json\/wp\/v2\/media?parent=9946"}],"curies":[{"name":"wp","href":"https:\/\/api.w.org\/{rel}","templated":true}]}}