{"id":9950,"date":"2026-05-11T17:35:37","date_gmt":"2026-05-11T15:35:37","guid":{"rendered":"https:\/\/www.lesaubergisteslyonnais.fr\/site-map\/"},"modified":"2026-05-11T17:36:00","modified_gmt":"2026-05-11T15:36:00","slug":"site-map","status":"publish","type":"page","link":"https:\/\/www.lesaubergisteslyonnais.fr\/en\/site-map\/","title":{"rendered":"Site map"},"content":{"rendered":"\n<section class=\"heading wp-elements-142c8c5377dc4be09c961ffef0250c3c wp-elements-142c8c5377dc4be09c961ffef0250c3c wp-block-acf-heading has-text-color has-primary-color has-background has-white-100-background-color\">\n\t<div class=\"heading__container\">\n\t\t\t\t\t<div class=\"heading__background-picture\">\n\t\t\t\t<img decoding=\"async\" width=\"1920\" height=\"1280\" src=\"https:\/\/www.lesaubergisteslyonnais.fr\/wp-content\/uploads\/2025\/03\/meilleur-hotel-de-lyon-centre.jpg\" class=\"attachment-full size-full\" alt=\"meilleur hotel de lyon centre\" fetchpriority=\"high\" srcset=\"https:\/\/www.lesaubergisteslyonnais.fr\/wp-content\/uploads\/2025\/03\/meilleur-hotel-de-lyon-centre.jpg 1920w, https:\/\/www.lesaubergisteslyonnais.fr\/wp-content\/uploads\/2025\/03\/meilleur-hotel-de-lyon-centre-300x200.jpg 300w, https:\/\/www.lesaubergisteslyonnais.fr\/wp-content\/uploads\/2025\/03\/meilleur-hotel-de-lyon-centre-1024x683.jpg 1024w, https:\/\/www.lesaubergisteslyonnais.fr\/wp-content\/uploads\/2025\/03\/meilleur-hotel-de-lyon-centre-768x512.jpg 768w, https:\/\/www.lesaubergisteslyonnais.fr\/wp-content\/uploads\/2025\/03\/meilleur-hotel-de-lyon-centre-1536x1024.jpg 1536w\" sizes=\"(max-width: 1920px) 100vw, 1920px\" \/>\t\t\t<\/div>\n\t\t\t\t<div class=\"heading__layout\">\n\t\t\t<div class=\"heading__content-wrapper has-white-100-background-color\">\n\t\t\t\t<div class=\"heading__content has-white-100-background-color\">\n\t\t\t\t\t\t\t\t\t<p id=\"breadcrumbs\"><span><span><a href=\"https:\/\/www.lesaubergisteslyonnais.fr\/en\/\">Home<\/a><\/span><\/span><\/p>\t\t\t\t\t\t\t\t\t<div class=\"acf-innerblocks-container\">\n\n<div class=\"wp-block-group heading-content-group is-layout-grid wp-container-core-group-is-layout-96b258e4 wp-block-group-is-layout-grid\">\n<h1 class=\"wp-block-heading has-text-align-left heading__title has-primary-color has-text-color has-xx-large-font-size wp-container-content-32a3e683\">Site map<\/h1>\n<\/div>\n\n<\/div>\n\t\t\t\t<\/div>\n\t\t\t\t\t\t\t\t<div class=\"heading__illustration illustration-with-parallax desktop-only\">\n\t\t\t\t\t<img decoding=\"async\" width=\"350\" height=\"350\" src=\"https:\/\/www.lesaubergisteslyonnais.fr\/wp-content\/uploads\/2025\/04\/HORLOGE.png\" class=\"attachment-full size-full\" alt=\"HORLOGE\" fetchpriority=\"high\" srcset=\"https:\/\/www.lesaubergisteslyonnais.fr\/wp-content\/uploads\/2025\/04\/HORLOGE.png 350w, https:\/\/www.lesaubergisteslyonnais.fr\/wp-content\/uploads\/2025\/04\/HORLOGE-300x300.png 300w\" sizes=\"(max-width: 350px) 100vw, 350px\" \/>\t\t\t\t<\/div>\n\t\t\t\t\t\t\t<\/div>\n\t\t<\/div>\n\t<\/div>\n<\/section>\n\n\n\t<section\n\t\tstyle=\"padding-top:var(--wp--preset--spacing--theme-default);padding-bottom:var(--wp--preset--spacing--theme-default);\" class=\"block-container align wp-block-acf-block-container has-background has-white-background-color has-global-padding is-layout-constrained wp-block-acf-block-container-is-layout-constrained\"\t>\n\n\t\n\n<div class=\"wp-block-group is-layout-flow wp-block-group-is-layout-flow\"><div class=\"wsp-container\"><h2 class=\"wsp-pages-title\">Pages<\/h2>\n<ul class=\"wsp-pages-list\">\n<li class=\"page_item page-item-1808 page_item_has_children\"><a href=\"https:\/\/www.lesaubergisteslyonnais.fr\/en\/purpose-driven-company\/\">A committed hotel group<\/a>\n<ul class='children'>\n\t<li class=\"page_item page-item-1818\"><a href=\"https:\/\/www.lesaubergisteslyonnais.fr\/en\/purpose-driven-company\/sustainable-ecological-commitments\/\">Our commitments<\/a><\/li>\n\t<li class=\"page_item page-item-1811\"><a href=\"https:\/\/www.lesaubergisteslyonnais.fr\/en\/purpose-driven-company\/brand-history-hotel-group\/\">Our history<\/a><\/li>\n\t<li class=\"page_item page-item-6754\"><a href=\"https:\/\/www.lesaubergisteslyonnais.fr\/en\/purpose-driven-company\/our-news\/\">Our news<\/a><\/li>\n\t<li class=\"page_item page-item-3962\"><a href=\"https:\/\/www.lesaubergisteslyonnais.fr\/en\/purpose-driven-company\/team\/\">Our team<\/a><\/li>\n\t<li class=\"page_item page-item-6746\"><a href=\"https:\/\/www.lesaubergisteslyonnais.fr\/en\/purpose-driven-company\/press-review\/\">Press review<\/a><\/li>\n<\/ul>\n<\/li>\n<li class=\"page_item page-item-7361\"><a href=\"https:\/\/www.lesaubergisteslyonnais.fr\/en\/booking-comptoir-globe-cecil\/\">Booking Comptoir Globe &amp; Cecil<\/a><\/li>\n<li class=\"page_item page-item-7375\"><a href=\"https:\/\/www.lesaubergisteslyonnais.fr\/en\/booking-comptoir-phenix\/\">Booking Comptoir Ph\u00e9nix<\/a><\/li>\n<li class=\"page_item page-item-7388\"><a href=\"https:\/\/www.lesaubergisteslyonnais.fr\/en\/booking-phenix\/\">Booking Ph\u00e9nix<\/a><\/li>\n<li class=\"page_item page-item-1805\"><a href=\"https:\/\/www.lesaubergisteslyonnais.fr\/en\/contact\/\">Contact<\/a><\/li>\n<li class=\"page_item page-item-1839\"><a href=\"https:\/\/www.lesaubergisteslyonnais.fr\/en\/event-planning-venue-rental-lyon\/\">Event organization<\/a><\/li>\n<li class=\"page_item page-item-1794\"><a href=\"https:\/\/www.lesaubergisteslyonnais.fr\/en\/faq\/\">FAQ<\/a><\/li>\n<li class=\"page_item page-item-7367\"><a href=\"https:\/\/www.lesaubergisteslyonnais.fr\/en\/globe-cecil-booking\/\">Globe &amp; Cecil booking<\/a><\/li>\n<li class=\"page_item page-item-1139\"><a href=\"https:\/\/www.lesaubergisteslyonnais.fr\/en\/\">Home<\/a><\/li>\n<li class=\"page_item page-item-1832\"><a href=\"https:\/\/www.lesaubergisteslyonnais.fr\/en\/legal-notices\/\">Legal notices<\/a><\/li>\n<li class=\"page_item page-item-1822 current_page_parent\"><a href=\"https:\/\/www.lesaubergisteslyonnais.fr\/en\/blog\/\">Magazine<\/a><\/li>\n<li class=\"page_item page-item-1825\"><a href=\"https:\/\/www.lesaubergisteslyonnais.fr\/en\/hotels-lyon-city-center\/\">Our hotels<\/a><\/li>\n<li class=\"page_item page-item-1827\"><a href=\"https:\/\/www.lesaubergisteslyonnais.fr\/en\/restaurants-lyon-city-center\/\">Our restaurants<\/a><\/li>\n<li class=\"page_item page-item-8620\"><a href=\"https:\/\/www.lesaubergisteslyonnais.fr\/en\/privacy-policy\/\">Privacy policy<\/a><\/li>\n<li class=\"page_item page-item-6740\"><a href=\"https:\/\/www.lesaubergisteslyonnais.fr\/en\/careers\/\">Recruitment<\/a><\/li>\n<li class=\"page_item page-item-7378\"><a href=\"https:\/\/www.lesaubergisteslyonnais.fr\/en\/simplon-booking\/\">Simplon booking<\/a><\/li>\n<li class=\"page_item page-item-9950\"><a href=\"https:\/\/www.lesaubergisteslyonnais.fr\/en\/site-map\/\">Site map<\/a><\/li>\n<li class=\"page_item page-item-1801\"><a href=\"https:\/\/www.lesaubergisteslyonnais.fr\/en\/general-rental-conditions\/\">Terms and conditions of sale<\/a><\/li>\n<\/ul>\n<h2 class=\"wsp-posts-title\">Posts by category<\/h2>\n<ul class=\"wsp-posts-list\">\n\t<li><strong class=\"wsp-category-title\">Category: <a href=\"https:\/\/www.lesaubergisteslyonnais.fr\/en\/blog\/collection-news\/\">Collection news<\/a><\/strong>\n<ul class=\"wsp-posts-list\">\t\t<li class=\"wsp-post\"><a href=\"https:\/\/www.lesaubergisteslyonnais.fr\/en\/blog\/le-gai-soleil-a-new-collection-hotel\/\">Le Gai Soleil, a new Collection hotel<\/a><\/li>\n\t\t<li class=\"wsp-post\"><a href=\"https:\/\/www.lesaubergisteslyonnais.fr\/en\/blog\/a-new-coworking-address-in-lyon\/\">A new coworking address in Lyon?<\/a><\/li>\n\t\t<li class=\"wsp-post\"><a href=\"https:\/\/www.lesaubergisteslyonnais.fr\/en\/blog\/village-des-aubergistes-2025\/\">Village des Aubergistes 2025<\/a><\/li>\n\t\t<li class=\"wsp-post\"><a href=\"https:\/\/www.lesaubergisteslyonnais.fr\/en\/blog\/lyons-10-best-restaurants\/\">Run for them 2025<\/a><\/li>\n\t\t<li class=\"wsp-post\"><a href=\"https:\/\/www.lesaubergisteslyonnais.fr\/en\/blog\/new-corridors-at-globe-and-cecil\/\">New corridors at Globe and Cecil<\/a><\/li>\n<\/ul><\/li>\n\t<li><strong class=\"wsp-category-title\">Category: <a href=\"https:\/\/www.lesaubergisteslyonnais.fr\/en\/blog\/events-in-lyon\/\">Events in Lyon<\/a><\/strong>\n<ul class=\"wsp-posts-list\">\t\t<li class=\"wsp-post\"><a href=\"https:\/\/www.lesaubergisteslyonnais.fr\/en\/blog\/natexpo-2026-in-lyon-where-to-stay-for-the-natexpo-show-on-september-28-and-29-2026\/\">Natexpo 2026 in Lyon: where to stay for the Natexpo show on September 28 and 29, 2026?<\/a><\/li>\n\t\t<li class=\"wsp-post\"><a href=\"https:\/\/www.lesaubergisteslyonnais.fr\/blog\/lyon-urban-trail-march-29-2026\/\">Lyon Urban Trail March 29, 2026<\/a><\/li>\n\t\t<li class=\"wsp-post\"><a href=\"https:\/\/www.lesaubergisteslyonnais.fr\/en\/blog\/lyon-urban-trail-march-29-2026\/\">Lyon Urban Trail March 29, 2026<\/a><\/li>\n\t\t<li class=\"wsp-post\"><a href=\"https:\/\/www.lesaubergisteslyonnais.fr\/en\/blog\/japan-touch-haru-geek-touch-2026-in-lyon\/\">Japan Touch Haru &amp; Geek Touch 2026 in Lyon<\/a><\/li>\n\t\t<li class=\"wsp-post\"><a href=\"https:\/\/www.lesaubergisteslyonnais.fr\/en\/blog\/eurobois-2026-in-lyon-where-to-stay-during-eurobois-from-february-3-to-6\/\">Eurobois 2026 in Lyon: where to stay during Eurobois from February 3 to 6?<\/a><\/li>\n\t\t<li class=\"wsp-post\"><a href=\"https:\/\/www.lesaubergisteslyonnais.fr\/en\/blog\/ctco-cprint-2026-in-lyon\/\">CTCO &amp; C!Print 2026 in Lyon<\/a><\/li>\n<\/ul><\/li>\n\t<li><strong class=\"wsp-category-title\">Category: <a href=\"https:\/\/www.lesaubergisteslyonnais.fr\/en\/blog\/food-and-gastronomy\/\">Gastronomy<\/a><\/strong>\n<ul class=\"wsp-posts-list\">\t\t<li class=\"wsp-post\"><a href=\"https:\/\/www.lesaubergisteslyonnais.fr\/en\/blog\/lyons-10-best-restaurants-according-to-aubergistes-lyonnais\/\">Lyon&#8217;s 10 best restaurants (according to Aubergistes Lyonnais)<\/a><\/li>\n\t\t<li class=\"wsp-post\"><a href=\"https:\/\/www.lesaubergisteslyonnais.fr\/en\/blog\/lyons-best-bouchons\/\">Lyon&#8217;s best bouchons<\/a><\/li>\n<\/ul><\/li>\n\t<li><strong class=\"wsp-category-title\">Category: <a href=\"https:\/\/www.lesaubergisteslyonnais.fr\/en\/blog\/nightlife-and-events\/\">Nightlife and festivities<\/a><\/strong>\n<ul class=\"wsp-posts-list\">\t\t<li class=\"wsp-post\"><a href=\"https:\/\/www.lesaubergisteslyonnais.fr\/en\/blog\/lyons-best-terraces-and-rooftops-in-summer\/\">Lyon&#8217;s best terraces and rooftops in summer<\/a><\/li>\n\t\t<li class=\"wsp-post\"><a href=\"https:\/\/www.lesaubergisteslyonnais.fr\/en\/blog\/5-shopping-addresses-made-in-lyon\/\">5 shopping addresses made in Lyon<\/a><\/li>\n<\/ul><\/li>\n\t<li><strong class=\"wsp-category-title\">Category: <a href=\"https:\/\/www.lesaubergisteslyonnais.fr\/en\/blog\/non-categorise\/\">Non cat\u00e9goris\u00e9<\/a><\/strong>\n<\/li>\n\t<li><strong class=\"wsp-category-title\">Category: <a href=\"https:\/\/www.lesaubergisteslyonnais.fr\/en\/blog\/cultural-visits\/\">Visite culturelle<\/a><\/strong>\n<ul class=\"wsp-posts-list\">\t\t<li class=\"wsp-post\"><a href=\"https:\/\/www.lesaubergisteslyonnais.fr\/en\/blog\/the-3-best-coworking-spaces-in-lyon\/\">The 3 best coworking spaces in Lyon<\/a><\/li>\n\t\t<li class=\"wsp-post\"><a href=\"https:\/\/www.lesaubergisteslyonnais.fr\/en\/blog\/visit-lyon-in-2-days-3-days\/\">Visit Lyon in 2 days \/ 3 days<\/a><\/li>\n\t\t<li class=\"wsp-post\"><a href=\"https:\/\/www.lesaubergisteslyonnais.fr\/en\/blog\/what-to-do-in-lyon-for-two\/\">What to do in Lyon for two<\/a><\/li>\n<\/ul><\/li>\n<\/ul>\n<h2 class=\"wsp-careerss-title\">Job descriptions<\/h2>\n<ul class=\"wsp-careerss-list\">\n<li><a href=\"https:\/\/www.lesaubergisteslyonnais.fr\/en\/careers\/chef-de-partie-m-f\/\">Chef de partie<\/a><\/li>\n<li><a href=\"https:\/\/www.lesaubergisteslyonnais.fr\/en\/careers\/kitchen-assistant-m-f-2\/\">Kitchen assistant<\/a><\/li>\n<li><a href=\"https:\/\/www.lesaubergisteslyonnais.fr\/en\/careers\/breakfast-waiter-waitress-m-f\/\">Breakfast waiter<\/a><\/li>\n<li><a href=\"https:\/\/www.lesaubergisteslyonnais.fr\/en\/careers\/receptionist-m-f\/\">Receptionist<\/a><\/li>\n<li><a href=\"https:\/\/www.lesaubergisteslyonnais.fr\/en\/careers\/waiter-waitress-m-f\/\">Chef de rang<\/a><\/li>\n<li><a href=\"https:\/\/www.lesaubergisteslyonnais.fr\/en\/careers\/chambermaid-valet-m-f\/\">Valet<\/a><\/li>\n<\/ul>\n<\/div>\n<\/div>\n\n\n\n<\/section>\n","protected":false},"excerpt":{"rendered":"","protected":false},"author":2,"featured_media":0,"parent":0,"menu_order":0,"comment_status":"closed","ping_status":"closed","template":"","meta":{"_acf_changed":false,"inline_featured_image":false,"footnotes":""},"class_list":["post-9950","page","type-page","status-publish","hentry"],"acf":[],"yoast_head":"<!-- This site is optimized with the Yoast SEO plugin v27.5 - https:\/\/yoast.com\/product\/yoast-seo-wordpress\/ -->\n<title>Site map - Les Aubergistes Lyonnais<\/title>\n<meta name=\"robots\" content=\"index, follow, max-snippet:-1, max-image-preview:large, max-video-preview:-1\" \/>\n<link rel=\"canonical\" href=\"https:\/\/www.lesaubergisteslyonnais.fr\/en\/site-map\/\" \/>\n<meta property=\"og:locale\" content=\"en_US\" \/>\n<meta property=\"og:type\" content=\"article\" \/>\n<meta property=\"og:title\" content=\"Site map - Les Aubergistes Lyonnais\" \/>\n<meta property=\"og:url\" content=\"https:\/\/www.lesaubergisteslyonnais.fr\/en\/site-map\/\" \/>\n<meta property=\"og:site_name\" content=\"Les Aubergistes Lyonnais\" \/>\n<meta property=\"article:modified_time\" content=\"2026-05-11T15:36:00+00:00\" \/>\n<meta name=\"twitter:card\" content=\"summary_large_image\" \/>\n<script type=\"application\/ld+json\" class=\"yoast-schema-graph\">{\"@context\":\"https:\\\/\\\/schema.org\",\"@graph\":[{\"@type\":\"WebPage\",\"@id\":\"https:\\\/\\\/www.lesaubergisteslyonnais.fr\\\/en\\\/site-map\\\/\",\"url\":\"https:\\\/\\\/www.lesaubergisteslyonnais.fr\\\/en\\\/site-map\\\/\",\"name\":\"Site map - Les Aubergistes Lyonnais\",\"isPartOf\":{\"@id\":\"https:\\\/\\\/www.lesaubergisteslyonnais.fr\\\/en\\\/#website\"},\"datePublished\":\"2026-05-11T15:35:37+00:00\",\"dateModified\":\"2026-05-11T15:36:00+00:00\",\"breadcrumb\":{\"@id\":\"https:\\\/\\\/www.lesaubergisteslyonnais.fr\\\/en\\\/site-map\\\/#breadcrumb\"},\"inLanguage\":\"en-US\",\"potentialAction\":[{\"@type\":\"ReadAction\",\"target\":[\"https:\\\/\\\/www.lesaubergisteslyonnais.fr\\\/en\\\/site-map\\\/\"]}]},{\"@type\":\"BreadcrumbList\",\"@id\":\"https:\\\/\\\/www.lesaubergisteslyonnais.fr\\\/en\\\/site-map\\\/#breadcrumb\",\"itemListElement\":[{\"@type\":\"ListItem\",\"position\":1,\"name\":\"Home\",\"item\":\"https:\\\/\\\/www.lesaubergisteslyonnais.fr\\\/en\\\/\"},{\"@type\":\"ListItem\",\"position\":2,\"name\":\"Site map\"}]},{\"@type\":\"WebSite\",\"@id\":\"https:\\\/\\\/www.lesaubergisteslyonnais.fr\\\/en\\\/#website\",\"url\":\"https:\\\/\\\/www.lesaubergisteslyonnais.fr\\\/en\\\/\",\"name\":\"Globe Cecil\",\"description\":\"H\u00f4tel 4 \u00e9toiles \u00e0 Lyon\",\"publisher\":{\"@id\":\"https:\\\/\\\/www.lesaubergisteslyonnais.fr\\\/en\\\/#organization\"},\"potentialAction\":[{\"@type\":\"SearchAction\",\"target\":{\"@type\":\"EntryPoint\",\"urlTemplate\":\"https:\\\/\\\/www.lesaubergisteslyonnais.fr\\\/en\\\/?s={search_term_string}\"},\"query-input\":{\"@type\":\"PropertyValueSpecification\",\"valueRequired\":true,\"valueName\":\"search_term_string\"}}],\"inLanguage\":\"en-US\"},{\"@type\":\"Organization\",\"@id\":\"https:\\\/\\\/www.lesaubergisteslyonnais.fr\\\/en\\\/#organization\",\"name\":\"Globe Cecil\",\"url\":\"https:\\\/\\\/www.lesaubergisteslyonnais.fr\\\/en\\\/\",\"logo\":{\"@type\":\"ImageObject\",\"inLanguage\":\"en-US\",\"@id\":\"https:\\\/\\\/www.lesaubergisteslyonnais.fr\\\/en\\\/#\\\/schema\\\/logo\\\/image\\\/\",\"url\":\"https:\\\/\\\/www.lesaubergisteslyonnais.fr\\\/wp-content\\\/uploads\\\/2025\\\/05\\\/LOGO-Aubergistes-Lyonnais-White.svg\",\"contentUrl\":\"https:\\\/\\\/www.lesaubergisteslyonnais.fr\\\/wp-content\\\/uploads\\\/2025\\\/05\\\/LOGO-Aubergistes-Lyonnais-White.svg\",\"width\":558,\"height\":127,\"caption\":\"Globe Cecil\"},\"image\":{\"@id\":\"https:\\\/\\\/www.lesaubergisteslyonnais.fr\\\/en\\\/#\\\/schema\\\/logo\\\/image\\\/\"}}]}<\/script>\n<!-- \/ Yoast SEO plugin. -->","yoast_head_json":{"title":"Site map - Les Aubergistes Lyonnais","robots":{"index":"index","follow":"follow","max-snippet":"max-snippet:-1","max-image-preview":"max-image-preview:large","max-video-preview":"max-video-preview:-1"},"canonical":"https:\/\/www.lesaubergisteslyonnais.fr\/en\/site-map\/","og_locale":"en_US","og_type":"article","og_title":"Site map - Les Aubergistes Lyonnais","og_url":"https:\/\/www.lesaubergisteslyonnais.fr\/en\/site-map\/","og_site_name":"Les Aubergistes Lyonnais","article_modified_time":"2026-05-11T15:36:00+00:00","twitter_card":"summary_large_image","schema":{"@context":"https:\/\/schema.org","@graph":[{"@type":"WebPage","@id":"https:\/\/www.lesaubergisteslyonnais.fr\/en\/site-map\/","url":"https:\/\/www.lesaubergisteslyonnais.fr\/en\/site-map\/","name":"Site map - Les Aubergistes Lyonnais","isPartOf":{"@id":"https:\/\/www.lesaubergisteslyonnais.fr\/en\/#website"},"datePublished":"2026-05-11T15:35:37+00:00","dateModified":"2026-05-11T15:36:00+00:00","breadcrumb":{"@id":"https:\/\/www.lesaubergisteslyonnais.fr\/en\/site-map\/#breadcrumb"},"inLanguage":"en-US","potentialAction":[{"@type":"ReadAction","target":["https:\/\/www.lesaubergisteslyonnais.fr\/en\/site-map\/"]}]},{"@type":"BreadcrumbList","@id":"https:\/\/www.lesaubergisteslyonnais.fr\/en\/site-map\/#breadcrumb","itemListElement":[{"@type":"ListItem","position":1,"name":"Home","item":"https:\/\/www.lesaubergisteslyonnais.fr\/en\/"},{"@type":"ListItem","position":2,"name":"Site map"}]},{"@type":"WebSite","@id":"https:\/\/www.lesaubergisteslyonnais.fr\/en\/#website","url":"https:\/\/www.lesaubergisteslyonnais.fr\/en\/","name":"Globe Cecil","description":"H\u00f4tel 4 \u00e9toiles \u00e0 Lyon","publisher":{"@id":"https:\/\/www.lesaubergisteslyonnais.fr\/en\/#organization"},"potentialAction":[{"@type":"SearchAction","target":{"@type":"EntryPoint","urlTemplate":"https:\/\/www.lesaubergisteslyonnais.fr\/en\/?s={search_term_string}"},"query-input":{"@type":"PropertyValueSpecification","valueRequired":true,"valueName":"search_term_string"}}],"inLanguage":"en-US"},{"@type":"Organization","@id":"https:\/\/www.lesaubergisteslyonnais.fr\/en\/#organization","name":"Globe Cecil","url":"https:\/\/www.lesaubergisteslyonnais.fr\/en\/","logo":{"@type":"ImageObject","inLanguage":"en-US","@id":"https:\/\/www.lesaubergisteslyonnais.fr\/en\/#\/schema\/logo\/image\/","url":"https:\/\/www.lesaubergisteslyonnais.fr\/wp-content\/uploads\/2025\/05\/LOGO-Aubergistes-Lyonnais-White.svg","contentUrl":"https:\/\/www.lesaubergisteslyonnais.fr\/wp-content\/uploads\/2025\/05\/LOGO-Aubergistes-Lyonnais-White.svg","width":558,"height":127,"caption":"Globe Cecil"},"image":{"@id":"https:\/\/www.lesaubergisteslyonnais.fr\/en\/#\/schema\/logo\/image\/"}}]}},"_links":{"self":[{"href":"https:\/\/www.lesaubergisteslyonnais.fr\/en\/wp-json\/wp\/v2\/pages\/9950","targetHints":{"allow":["GET"]}}],"collection":[{"href":"https:\/\/www.lesaubergisteslyonnais.fr\/en\/wp-json\/wp\/v2\/pages"}],"about":[{"href":"https:\/\/www.lesaubergisteslyonnais.fr\/en\/wp-json\/wp\/v2\/types\/page"}],"author":[{"embeddable":true,"href":"https:\/\/www.lesaubergisteslyonnais.fr\/en\/wp-json\/wp\/v2\/users\/2"}],"replies":[{"embeddable":true,"href":"https:\/\/www.lesaubergisteslyonnais.fr\/en\/wp-json\/wp\/v2\/comments?post=9950"}],"version-history":[{"count":1,"href":"https:\/\/www.lesaubergisteslyonnais.fr\/en\/wp-json\/wp\/v2\/pages\/9950\/revisions"}],"predecessor-version":[{"id":9951,"href":"https:\/\/www.lesaubergisteslyonnais.fr\/en\/wp-json\/wp\/v2\/pages\/9950\/revisions\/9951"}],"wp:attachment":[{"href":"https:\/\/www.lesaubergisteslyonnais.fr\/en\/wp-json\/wp\/v2\/media?parent=9950"}],"curies":[{"name":"wp","href":"https:\/\/api.w.org\/{rel}","templated":true}]}}