{"id":7388,"date":"2025-06-03T08:18:48","date_gmt":"2025-06-03T06:18:48","guid":{"rendered":"https:\/\/www.lesaubergisteslyonnais.fr\/booking-phenix\/"},"modified":"2025-12-09T16:05:55","modified_gmt":"2025-12-09T15:05:55","slug":"booking-phenix","status":"publish","type":"page","link":"https:\/\/www.lesaubergisteslyonnais.fr\/en\/booking-phenix\/","title":{"rendered":"Booking Ph\u00e9nix"},"content":{"rendered":"\n<div id=\"\" class=\"booking-calendar-phenix__wrapper\" style=\"background-color: #ffffff;\">\n\t\t\t<img decoding=\"async\" width=\"350\" height=\"350\" src=\"https:\/\/www.lesaubergisteslyonnais.fr\/wp-content\/uploads\/2025\/04\/COQ.png\" class=\"booking-calendar-phenix__image_2_desktop\" alt=\"COQ\" srcset=\"https:\/\/www.lesaubergisteslyonnais.fr\/wp-content\/uploads\/2025\/04\/COQ.png 350w, https:\/\/www.lesaubergisteslyonnais.fr\/wp-content\/uploads\/2025\/04\/COQ-300x300.png 300w\" sizes=\"(max-width: 350px) 100vw, 350px\" \/>\t\t<div class=\"booking-calendar-phenix__content-wrapper\" style=\"background-color: #ffffff;\">\n\t\t\n\t\t\n\t\t<p class=\"booking-calendar-phenix__title\">\n\t\t\tSelect your dates\t\t<\/p>\n\n\t\t<div id=\"fb-widget-1\" class=\"fb-widget\" data-fbConfig=\"0\"><\/div>\n\t\t<script class=\"fb-widget-config\" data-fbConfig=\"0\" type=\"application\/json\" async>\n\t\t\t{\n    \"params\": [\n        {\n            \"calendar\": {\n                \"firstDayOfWeek\": 1,\n                \"nbMonths2display\": 2,\n                \"title\": \"\",\n                \"showBestPrice\": true,\n                \"showLastRoom\": true,\n                \"showLastRoomThreshold\": 3,\n                \"showMinStayDepartureDates\": true,\n                \"hideControls\": false,\n                \"showChildrenAges\": false,\n                \"themeDark\": false,\n                \"layoutNum\": 2,\n                \"roomRateFiltering\": 0,\n                \"rateFilter\": [],\n                \"roomFilter\": [],\n                \"useLoyalty\": false,\n                \"loyalty\": \"\",\n                \"loyaltyParams\": {},\n                \"useRedirectUrlFromApi\": true,\n                \"daysLookAhead\": 365\n            },\n            \"currency\": \"EUR\",\n            \"locale\": \"en_US\",\n            \"maxAdults\": 8,\n            \"maxChildren\": 5,\n            \"mainColor\": \"#3C3B3A\",\n            \"themeDark\": false,\n            \"openFrontInNewTab\": true,\n            \"property\": \"2MZ9-10253\",\n            \"title\": \"Le Ph\\u00e9nix H\\u00f4tel\",\n            \"childrenMaxAge\": 12,\n            \"fbWidget\": \"Calendar\"\n        }\n    ],\n    \"commonParams\": {\n        \"redirectUrl\": \"https:\/\/www.secure-hotel-booking.com\",\n        \"showPropertiesList\": true,\n        \"demoMode\": false,\n        \"frontUrl\": \"https:\/\/www.secure-hotel-booking.com\"\n    },\n    \"_authCode\": \"eyJhbGciOiJIUzUxMiIsInR5cCI6IkpXVCJ9.eyJib29raW5nRW5naW5lUmVmZXJlbmNlIjoiMk1aOSIsImhvdGVsSWQiOiIxMDI1MyIsImdyb3VwSWQiOiI3MzEzIiwicmVmZXJlbmNlUmF0ZUNvZGUiOiJCQVIiLCJkaXNwbGF5TmFtZSI6IkxlLVBoZW5peC1Ib3RlbCIsIm5iZiI6MTczOTQ2MDIxNywiZXhwIjoyNTM0MDIzMDA4MDAsImlhdCI6MTczOTQ2MDIxNywiaXNzIjoiQXZhaWxwcm8gQVBJIE1hbmFnZXIiLCJhdWQiOiJkLWVkZ2UifQ.QeDXuoiue3c-F6GXsr8xCrgWeOpMq2aCxi78MQ-RlJFPYC5zvhmMufjilTK_YyJR5mdfXWBMh5YvhvyqqL8Zhg\",\n    \"propertyIndex\": 0,\n    \"version\": \"1.35.0\",\n    \"baseHost\": \"https:\/\/websdk.d-edge.com\"\n}\t\t<\/script>\n\t\t<link rel=\"stylesheet\" property=\"stylesheet\" href=\"https:\/\/websdk.d-edge.com\/widgets\/app.css\">\n\t\t<script async type=\"text\/javascript\" src=\"https:\/\/websdk.d-edge.com\/widgets\/app.js\"><\/script>\n\t\t<script>\n\t\t\t(function() {\n\t\t\t\t\/\/ Fonction pour r\u00e9cup\u00e9rer le consentement de l'utilisateur\n\t\t\t\tfunction getConsentStatus() {\n\t\t\t\t\t\/\/ Assurez-vous que google_tag_data est bien charg\u00e9 et accessible\n\t\t\t\t\tif (window.google_tag_data && window.google_tag_data.ics && window.google_tag_data.ics.entries && window.google_tag_data.ics.entries.ad_storage) {\n\t\t\t\t\t\treturn window.google_tag_data.ics.entries.ad_storage.update === true ? 'true' : 'false';\n\t\t\t\t\t}\n\t\t\t\t\treturn 'false'; \/\/ Valeur par d\u00e9faut si le consentement n'est pas disponible\n\t\t\t\t}\n\n\t\t\t\t\/\/ Surveille les redirections ouvrant une nouvelle fen\u00eatre\n\t\t\t\tconst originalOpen = window.open;\n\t\t\t\twindow.open = function(url, name, features) {\n\t\t\t\t\tif (url && url.includes(\"secure-hotel-booking.com\")) {\n\t\t\t\t\t\tconst newUrl = new URL(url);\n\t\t\t\t\t\tnewUrl.searchParams.set(\"cmpConsentString\", getConsentStatus());\n\t\t\t\t\t\treturn originalOpen.call(window, newUrl.toString(), name, features);\n\t\t\t\t\t}\n\t\t\t\t\treturn originalOpen.call(window, url, name, features);\n\t\t\t\t};\n\n\t\t\t\t\/\/ Surveille les redirections dans la m\u00eame fen\u00eatre\n\t\t\t\tconst originalAssign = window.location.assign;\n\t\t\t\twindow.location.assign = function(url) {\n\t\t\t\t\tif (url && url.includes(\"secure-hotel-booking.com\")) {\n\t\t\t\t\t\tconst newUrl = new URL(url, window.location.origin);\n\t\t\t\t\t\tnewUrl.searchParams.set(\"cmpConsentString\", getConsentStatus());\n\t\t\t\t\t\treturn originalAssign.call(window.location, newUrl.toString());\n\t\t\t\t\t}\n\t\t\t\t\treturn originalAssign.call(window.location, url);\n\t\t\t\t};\n\n\t\t\t\tconst originalHref = Object.getOwnPropertyDescriptor(window.location.__proto__, 'href').set;\n\t\t\t\tObject.defineProperty(window.location, 'href', {\n\t\t\t\t\tset: function(url) {\n\t\t\t\t\t\tif (url.includes(\"secure-hotel-booking.com\")) {\n\t\t\t\t\t\t\tconst newUrl = new URL(url, window.location.origin);\n\t\t\t\t\t\t\tnewUrl.searchParams.set(\"cmpConsentString\", getConsentStatus());\n\t\t\t\t\t\t\treturn originalHref.call(window.location, newUrl.toString());\n\t\t\t\t\t\t}\n\t\t\t\t\t\treturn originalHref.call(window.location, url);\n\t\t\t\t\t}\n\t\t\t\t});\n\t\t\t})();\n\t\t<\/script>\n\t\t\t\t\t<div class=\"booking-calendar-phenix__footer-text-container\">\n\t\t\t\t<p class=\"booking-calendar-phenix__footer-text\"><p style=\"text-align: left\">More room here? Let our innkeepers take care of you: send your dates to reservations@lesaubergisteslyonnais.fr and we&#8217;ll try to find the best alternative in our Lyon homes. Discover our other establishments in Lyon: <a href=\"https:\/\/globeetcecilhotel.com\/\">H\u00f4tel Le Globe &amp; Cecil ****,<\/a> <a href=\"https:\/\/www.hotel-simplon-lyon.com\/\">H\u00f4tel Le Simplon ***<\/a> <\/p>\n<\/p>\n\t\t\t<\/div>\n\t\t\t<\/div>\n<\/div>\n","protected":false},"excerpt":{"rendered":"","protected":false},"author":7,"featured_media":0,"parent":0,"menu_order":0,"comment_status":"closed","ping_status":"closed","template":"reservation","meta":{"_acf_changed":false,"inline_featured_image":false,"footnotes":""},"class_list":["post-7388","page","type-page","status-publish","hentry"],"acf":[],"yoast_head":"<!-- This site is optimized with the Yoast SEO plugin v27.5 - https:\/\/yoast.com\/product\/yoast-seo-wordpress\/ -->\n<title>Booking Ph\u00e9nix - Les Aubergistes Lyonnais<\/title>\n<meta name=\"robots\" content=\"noindex, follow\" \/>\n<meta property=\"og:locale\" content=\"en_US\" \/>\n<meta property=\"og:type\" content=\"article\" \/>\n<meta property=\"og:title\" content=\"Booking Ph\u00e9nix - Les Aubergistes Lyonnais\" \/>\n<meta property=\"og:url\" content=\"https:\/\/www.lesaubergisteslyonnais.fr\/en\/booking-phenix\/\" \/>\n<meta property=\"og:site_name\" content=\"Les Aubergistes Lyonnais\" \/>\n<meta property=\"article:modified_time\" content=\"2025-12-09T15:05:55+00:00\" \/>\n<meta name=\"twitter:card\" content=\"summary_large_image\" \/>\n<script type=\"application\/ld+json\" class=\"yoast-schema-graph\">{\"@context\":\"https:\\\/\\\/schema.org\",\"@graph\":[{\"@type\":\"WebPage\",\"@id\":\"https:\\\/\\\/www.lesaubergisteslyonnais.fr\\\/en\\\/booking-phenix\\\/\",\"url\":\"https:\\\/\\\/www.lesaubergisteslyonnais.fr\\\/en\\\/booking-phenix\\\/\",\"name\":\"Booking Ph\u00e9nix - Les Aubergistes Lyonnais\",\"isPartOf\":{\"@id\":\"https:\\\/\\\/www.lesaubergisteslyonnais.fr\\\/en\\\/#website\"},\"datePublished\":\"2025-06-03T06:18:48+00:00\",\"dateModified\":\"2025-12-09T15:05:55+00:00\",\"breadcrumb\":{\"@id\":\"https:\\\/\\\/www.lesaubergisteslyonnais.fr\\\/en\\\/booking-phenix\\\/#breadcrumb\"},\"inLanguage\":\"en-US\",\"potentialAction\":[{\"@type\":\"ReadAction\",\"target\":[\"https:\\\/\\\/www.lesaubergisteslyonnais.fr\\\/en\\\/booking-phenix\\\/\"]}]},{\"@type\":\"BreadcrumbList\",\"@id\":\"https:\\\/\\\/www.lesaubergisteslyonnais.fr\\\/en\\\/booking-phenix\\\/#breadcrumb\",\"itemListElement\":[{\"@type\":\"ListItem\",\"position\":1,\"name\":\"Home\",\"item\":\"https:\\\/\\\/www.lesaubergisteslyonnais.fr\\\/en\\\/\"},{\"@type\":\"ListItem\",\"position\":2,\"name\":\"Booking Ph\u00e9nix\"}]},{\"@type\":\"WebSite\",\"@id\":\"https:\\\/\\\/www.lesaubergisteslyonnais.fr\\\/en\\\/#website\",\"url\":\"https:\\\/\\\/www.lesaubergisteslyonnais.fr\\\/en\\\/\",\"name\":\"Globe Cecil\",\"description\":\"H\u00f4tel 4 \u00e9toiles \u00e0 Lyon\",\"publisher\":{\"@id\":\"https:\\\/\\\/www.lesaubergisteslyonnais.fr\\\/en\\\/#organization\"},\"potentialAction\":[{\"@type\":\"SearchAction\",\"target\":{\"@type\":\"EntryPoint\",\"urlTemplate\":\"https:\\\/\\\/www.lesaubergisteslyonnais.fr\\\/en\\\/?s={search_term_string}\"},\"query-input\":{\"@type\":\"PropertyValueSpecification\",\"valueRequired\":true,\"valueName\":\"search_term_string\"}}],\"inLanguage\":\"en-US\"},{\"@type\":\"Organization\",\"@id\":\"https:\\\/\\\/www.lesaubergisteslyonnais.fr\\\/en\\\/#organization\",\"name\":\"Globe Cecil\",\"url\":\"https:\\\/\\\/www.lesaubergisteslyonnais.fr\\\/en\\\/\",\"logo\":{\"@type\":\"ImageObject\",\"inLanguage\":\"en-US\",\"@id\":\"https:\\\/\\\/www.lesaubergisteslyonnais.fr\\\/en\\\/#\\\/schema\\\/logo\\\/image\\\/\",\"url\":\"https:\\\/\\\/www.lesaubergisteslyonnais.fr\\\/wp-content\\\/uploads\\\/2025\\\/05\\\/LOGO-Aubergistes-Lyonnais-White.svg\",\"contentUrl\":\"https:\\\/\\\/www.lesaubergisteslyonnais.fr\\\/wp-content\\\/uploads\\\/2025\\\/05\\\/LOGO-Aubergistes-Lyonnais-White.svg\",\"width\":558,\"height\":127,\"caption\":\"Globe Cecil\"},\"image\":{\"@id\":\"https:\\\/\\\/www.lesaubergisteslyonnais.fr\\\/en\\\/#\\\/schema\\\/logo\\\/image\\\/\"}}]}<\/script>\n<!-- \/ Yoast SEO plugin. -->","yoast_head_json":{"title":"Booking Ph\u00e9nix - Les Aubergistes Lyonnais","robots":{"index":"noindex","follow":"follow"},"og_locale":"en_US","og_type":"article","og_title":"Booking Ph\u00e9nix - Les Aubergistes Lyonnais","og_url":"https:\/\/www.lesaubergisteslyonnais.fr\/en\/booking-phenix\/","og_site_name":"Les Aubergistes Lyonnais","article_modified_time":"2025-12-09T15:05:55+00:00","twitter_card":"summary_large_image","schema":{"@context":"https:\/\/schema.org","@graph":[{"@type":"WebPage","@id":"https:\/\/www.lesaubergisteslyonnais.fr\/en\/booking-phenix\/","url":"https:\/\/www.lesaubergisteslyonnais.fr\/en\/booking-phenix\/","name":"Booking Ph\u00e9nix - Les Aubergistes Lyonnais","isPartOf":{"@id":"https:\/\/www.lesaubergisteslyonnais.fr\/en\/#website"},"datePublished":"2025-06-03T06:18:48+00:00","dateModified":"2025-12-09T15:05:55+00:00","breadcrumb":{"@id":"https:\/\/www.lesaubergisteslyonnais.fr\/en\/booking-phenix\/#breadcrumb"},"inLanguage":"en-US","potentialAction":[{"@type":"ReadAction","target":["https:\/\/www.lesaubergisteslyonnais.fr\/en\/booking-phenix\/"]}]},{"@type":"BreadcrumbList","@id":"https:\/\/www.lesaubergisteslyonnais.fr\/en\/booking-phenix\/#breadcrumb","itemListElement":[{"@type":"ListItem","position":1,"name":"Home","item":"https:\/\/www.lesaubergisteslyonnais.fr\/en\/"},{"@type":"ListItem","position":2,"name":"Booking Ph\u00e9nix"}]},{"@type":"WebSite","@id":"https:\/\/www.lesaubergisteslyonnais.fr\/en\/#website","url":"https:\/\/www.lesaubergisteslyonnais.fr\/en\/","name":"Globe Cecil","description":"H\u00f4tel 4 \u00e9toiles \u00e0 Lyon","publisher":{"@id":"https:\/\/www.lesaubergisteslyonnais.fr\/en\/#organization"},"potentialAction":[{"@type":"SearchAction","target":{"@type":"EntryPoint","urlTemplate":"https:\/\/www.lesaubergisteslyonnais.fr\/en\/?s={search_term_string}"},"query-input":{"@type":"PropertyValueSpecification","valueRequired":true,"valueName":"search_term_string"}}],"inLanguage":"en-US"},{"@type":"Organization","@id":"https:\/\/www.lesaubergisteslyonnais.fr\/en\/#organization","name":"Globe Cecil","url":"https:\/\/www.lesaubergisteslyonnais.fr\/en\/","logo":{"@type":"ImageObject","inLanguage":"en-US","@id":"https:\/\/www.lesaubergisteslyonnais.fr\/en\/#\/schema\/logo\/image\/","url":"https:\/\/www.lesaubergisteslyonnais.fr\/wp-content\/uploads\/2025\/05\/LOGO-Aubergistes-Lyonnais-White.svg","contentUrl":"https:\/\/www.lesaubergisteslyonnais.fr\/wp-content\/uploads\/2025\/05\/LOGO-Aubergistes-Lyonnais-White.svg","width":558,"height":127,"caption":"Globe Cecil"},"image":{"@id":"https:\/\/www.lesaubergisteslyonnais.fr\/en\/#\/schema\/logo\/image\/"}}]}},"_links":{"self":[{"href":"https:\/\/www.lesaubergisteslyonnais.fr\/en\/wp-json\/wp\/v2\/pages\/7388","targetHints":{"allow":["GET"]}}],"collection":[{"href":"https:\/\/www.lesaubergisteslyonnais.fr\/en\/wp-json\/wp\/v2\/pages"}],"about":[{"href":"https:\/\/www.lesaubergisteslyonnais.fr\/en\/wp-json\/wp\/v2\/types\/page"}],"author":[{"embeddable":true,"href":"https:\/\/www.lesaubergisteslyonnais.fr\/en\/wp-json\/wp\/v2\/users\/7"}],"replies":[{"embeddable":true,"href":"https:\/\/www.lesaubergisteslyonnais.fr\/en\/wp-json\/wp\/v2\/comments?post=7388"}],"version-history":[{"count":7,"href":"https:\/\/www.lesaubergisteslyonnais.fr\/en\/wp-json\/wp\/v2\/pages\/7388\/revisions"}],"predecessor-version":[{"id":9413,"href":"https:\/\/www.lesaubergisteslyonnais.fr\/en\/wp-json\/wp\/v2\/pages\/7388\/revisions\/9413"}],"wp:attachment":[{"href":"https:\/\/www.lesaubergisteslyonnais.fr\/en\/wp-json\/wp\/v2\/media?parent=7388"}],"curies":[{"name":"wp","href":"https:\/\/api.w.org\/{rel}","templated":true}]}}